{"id":8,"date":"2024-01-14T13:25:36","date_gmt":"2024-01-14T13:25:36","guid":{"rendered":"http:\/\/geologiqa.wordpress.com\/?page_id=1"},"modified":"2025-10-07T19:17:30","modified_gmt":"2025-10-07T22:17:30","slug":"about","status":"publish","type":"page","link":"https:\/\/geologi-qa.inf.ufrgs.br\/index.php\/about\/","title":{"rendered":"Sobre"},"content":{"rendered":"\n<p class=\"has-large-font-size\"><strong>Parceiros<\/strong><\/p>\n\n\n\n<div class=\"wp-block-columns is-layout-flex wp-container-core-columns-is-layout-9d6595d7 wp-block-columns-is-layout-flex\">\n<div class=\"wp-block-column is-layout-flow wp-block-column-is-layout-flow\">\n<figure class=\"wp-block-image size-large is-resized\"><img decoding=\"async\" src=\"https:\/\/geologiqa.wordpress.com\/wp-content\/uploads\/2024\/01\/marca-principal-1.png?w=913\" alt=\"\" class=\"wp-image-63\" style=\"object-fit:cover;width:180px;height:100px\"\/><\/figure>\n<\/div>\n\n\n\n<div class=\"wp-block-column is-layout-flow wp-block-column-is-layout-flow\">\n<figure class=\"wp-block-image size-full is-resized\"><img loading=\"lazy\" decoding=\"async\" width=\"404\" height=\"404\" src=\"https:\/\/geologi-qa.inf.ufrgs.br\/wp-content\/uploads\/2025\/10\/ppgeo-logo_selo-color.png\" alt=\"\" class=\"wp-image-331\" style=\"object-fit:cover;width:180px;height:130px\" srcset=\"https:\/\/geologi-qa.inf.ufrgs.br\/wp-content\/uploads\/2025\/10\/ppgeo-logo_selo-color.png 404w, https:\/\/geologi-qa.inf.ufrgs.br\/wp-content\/uploads\/2025\/10\/ppgeo-logo_selo-color-300x300.png 300w, https:\/\/geologi-qa.inf.ufrgs.br\/wp-content\/uploads\/2025\/10\/ppgeo-logo_selo-color-150x150.png 150w\" sizes=\"auto, (max-width: 404px) 100vw, 404px\" \/><\/figure>\n<\/div>\n\n\n\n<div class=\"wp-block-column is-layout-flow wp-block-column-is-layout-flow\">\n<figure class=\"wp-block-image size-large is-resized\"><img decoding=\"async\" src=\"https:\/\/geologiqa.wordpress.com\/wp-content\/uploads\/2024\/01\/principal_v_cor_rgb.jpg?w=519\" alt=\"\" class=\"wp-image-66\" style=\"object-fit:cover;width:180px;height:100px\"\/><\/figure>\n<\/div>\n<\/div>\n\n\n\n<p class=\"has-large-font-size\"><strong>Sobre o projeto<\/strong><\/p>\n\n\n\n<p class=\"has-medium-font-size\">O r\u00e1pido acesso \u00e0 informa\u00e7\u00e3o \u00e9 crucial para o setor de petr\u00f3leo, g\u00e1s natural, energia e biocombust\u00edveis. Uma parte significativa do tempo dos profissionais \u00e9 empregada na busca por informa\u00e7\u00f5es relevantes. A import\u00e2ncia deste projeto para o setor \u00e9 facilitar o acesso a informa\u00e7\u00f5es de duas maneiras. A primeira \u00e9 o aprimoramento do GeoL\u00f3gica, um sistema de recupera\u00e7\u00e3o de informa\u00e7\u00e3o que busca por documentos e imagens com base em uma consulta composta por palavras-chave. A segunda \u00e9 o desenvolvimento de um sistema interativo de perguntas e respostas que recebe uma pergunta em linguagem natural e apresenta a resposta obtida a partir de dados estruturados e n\u00e3o estruturados.<\/p>\n\n\n\n<p class=\"has-large-font-size\"><strong>\u00c1reas do projeto<\/strong><\/p>\n\n\n\n<ul class=\"wp-block-list\">\n<li>RAG &#8211; Retrieval Augmented Generation<\/li>\n\n\n\n<li>Recupera\u00e7\u00e3o de Informa\u00e7\u00e3o<\/li>\n\n\n\n<li>Intelig\u00eancia artificial<\/li>\n\n\n\n<li>Processamento de Linguagem Natural<\/li>\n\n\n\n<li>Processamento de Imagens<\/li>\n\n\n\n<li>User Experience e Intera\u00e7\u00e3o Humano-Computador<\/li>\n\n\n\n<li>Geoci\u00eancias<\/li>\n<\/ul>\n\n\n\n<figure class=\"wp-block-image size-full is-resized\"><img loading=\"lazy\" decoding=\"async\" width=\"1024\" height=\"768\" src=\"https:\/\/geologi-qa.inf.ufrgs.br\/wp-content\/uploads\/2025\/10\/Black-and-White-Finding-Hook-Venn-Diagram-Graph-2.png\" alt=\"\" class=\"wp-image-343\" style=\"width:813px;height:auto\" srcset=\"https:\/\/geologi-qa.inf.ufrgs.br\/wp-content\/uploads\/2025\/10\/Black-and-White-Finding-Hook-Venn-Diagram-Graph-2.png 1024w, https:\/\/geologi-qa.inf.ufrgs.br\/wp-content\/uploads\/2025\/10\/Black-and-White-Finding-Hook-Venn-Diagram-Graph-2-300x225.png 300w, https:\/\/geologi-qa.inf.ufrgs.br\/wp-content\/uploads\/2025\/10\/Black-and-White-Finding-Hook-Venn-Diagram-Graph-2-768x576.png 768w\" sizes=\"auto, (max-width: 1024px) 100vw, 1024px\" \/><\/figure>\n\n\n\n<p class=\"has-large-font-size\"><strong>Objetivos<\/strong><\/p>\n\n\n\n<p>O objetivo principal deste projeto \u00e9 pesquisar, avaliar, recomendar e implementar solu\u00e7\u00f5es do estado da arte para sistemas integrados de perguntas e respostas e recupera\u00e7\u00e3o de informa\u00e7\u00e3o multimodal (texto e imagem) no dom\u00ednio de explora\u00e7\u00e3o e produ\u00e7\u00e3o no setor de petr\u00f3leo, g\u00e1s natural, energia e biocombust\u00edveis.<\/p>\n\n\n\n<div class=\"wp-block-columns is-layout-flex wp-container-core-columns-is-layout-9d6595d7 wp-block-columns-is-layout-flex\">\n<div class=\"wp-block-column is-layout-flow wp-block-column-is-layout-flow\"><\/div>\n\n\n\n<div class=\"wp-block-column is-layout-flow wp-block-column-is-layout-flow\"><\/div>\n\n\n\n<div class=\"wp-block-column is-layout-flow wp-block-column-is-layout-flow\"><\/div>\n<\/div>\n\n\n\n<div class=\"wp-block-columns is-layout-flex wp-container-core-columns-is-layout-9d6595d7 wp-block-columns-is-layout-flex\">\n<div class=\"wp-block-column is-layout-flow wp-block-column-is-layout-flow\" style=\"flex-basis:100%\"><\/div>\n<\/div>\n\n\n\n<p><\/p>\n","protected":false},"excerpt":{"rendered":"<p>Parceiros Sobre o projeto O r\u00e1pido acesso \u00e0 informa\u00e7\u00e3o \u00e9 crucial para o setor de petr\u00f3leo, g\u00e1s natural, energia e biocombust\u00edveis. Uma parte significativa do tempo dos profissionais \u00e9 empregada na busca por informa\u00e7\u00f5es relevantes. A import\u00e2ncia deste projeto para o setor \u00e9 facilitar o acesso a informa\u00e7\u00f5es de duas maneiras. A primeira \u00e9 o &hellip; <a href=\"https:\/\/geologi-qa.inf.ufrgs.br\/index.php\/about\/\" class=\"more-link\">Continuar lendo <span class=\"screen-reader-text\">Sobre<\/span><\/a><\/p>\n","protected":false},"author":2,"featured_media":0,"parent":0,"menu_order":0,"comment_status":"closed","ping_status":"open","template":"","meta":{"footnotes":""},"class_list":["post-8","page","type-page","status-publish","hentry"],"_links":{"self":[{"href":"https:\/\/geologi-qa.inf.ufrgs.br\/index.php\/wp-json\/wp\/v2\/pages\/8","targetHints":{"allow":["GET"]}}],"collection":[{"href":"https:\/\/geologi-qa.inf.ufrgs.br\/index.php\/wp-json\/wp\/v2\/pages"}],"about":[{"href":"https:\/\/geologi-qa.inf.ufrgs.br\/index.php\/wp-json\/wp\/v2\/types\/page"}],"author":[{"embeddable":true,"href":"https:\/\/geologi-qa.inf.ufrgs.br\/index.php\/wp-json\/wp\/v2\/users\/2"}],"replies":[{"embeddable":true,"href":"https:\/\/geologi-qa.inf.ufrgs.br\/index.php\/wp-json\/wp\/v2\/comments?post=8"}],"version-history":[{"count":7,"href":"https:\/\/geologi-qa.inf.ufrgs.br\/index.php\/wp-json\/wp\/v2\/pages\/8\/revisions"}],"predecessor-version":[{"id":345,"href":"https:\/\/geologi-qa.inf.ufrgs.br\/index.php\/wp-json\/wp\/v2\/pages\/8\/revisions\/345"}],"wp:attachment":[{"href":"https:\/\/geologi-qa.inf.ufrgs.br\/index.php\/wp-json\/wp\/v2\/media?parent=8"}],"curies":[{"name":"wp","href":"https:\/\/api.w.org\/{rel}","templated":true}]}}