{"id":35,"date":"2024-01-18T11:31:22","date_gmt":"2024-01-18T14:31:22","guid":{"rendered":"https:\/\/geologiqa.wordpress.com\/?page_id=35"},"modified":"2025-10-24T10:05:45","modified_gmt":"2025-10-24T13:05:45","slug":"publicacoes","status":"publish","type":"page","link":"https:\/\/geologi-qa.inf.ufrgs.br\/index.php\/publicacoes\/","title":{"rendered":"Publica\u00e7\u00f5es Geol\u00f3gi-QA"},"content":{"rendered":"\n<div class=\"wp-block-columns is-layout-flex wp-container-core-columns-is-layout-9d6595d7 wp-block-columns-is-layout-flex\">\n<div class=\"wp-block-column is-layout-flow wp-block-column-is-layout-flow\" style=\"flex-basis:100%\">\n<p>Publica\u00e7\u00f5es decorrentes do projeto:<\/p>\n\n\n\n<div class=\"wp-block-columns is-layout-flex wp-container-core-columns-is-layout-9d6595d7 wp-block-columns-is-layout-flex\">\n<div class=\"wp-block-column is-layout-flow wp-block-column-is-layout-flow\">\n<p class=\"has-text-align-center has-medium-font-size\"><strong>Publica\u00e7\u00e3o<\/strong><\/p>\n<\/div>\n\n\n\n<div class=\"wp-block-column is-layout-flow wp-block-column-is-layout-flow\">\n<p class=\"has-text-align-center\"><strong>Autores<\/strong><\/p>\n<\/div>\n\n\n\n<div class=\"wp-block-column is-layout-flow wp-block-column-is-layout-flow\">\n<p class=\"has-text-align-center\"><strong>Ve\u00edculo<\/strong> &#8211; <strong>Ano<\/strong><\/p>\n<\/div>\n<\/div>\n\n\n\n<div class=\"wp-block-columns is-layout-flex wp-container-core-columns-is-layout-9d6595d7 wp-block-columns-is-layout-flex\">\n<div class=\"wp-block-column is-layout-flow wp-block-column-is-layout-flow\">\n<p class=\"has-text-align-center has-small-font-size\"><a href=\"https:\/\/sol.sbc.org.br\/index.php\/stil\/article\/view\/37830\" data-type=\"link\" data-id=\"https:\/\/sol.sbc.org.br\/index.php\/stil\/article\/view\/37830\">PetroGeoNER: A refined and unified dataset for NER in the Oil &amp; Gas domain<\/a><\/p>\n<\/div>\n\n\n\n<div class=\"wp-block-column is-layout-flow wp-block-column-is-layout-flow\">\n<p class=\"has-text-align-center has-small-font-size\"><a href=\"http:\/\/dx.doi.org\/10.1007\/s00799-023-00345-6\" target=\"_blank\" rel=\"noreferrer noopener\"><\/a>Higor Moreira,&nbsp;Patricia Ferreira da Silva,&nbsp;Renata Vieira,&nbsp;Viviane Moreira<\/p>\n<\/div>\n\n\n\n<div class=\"wp-block-column is-layout-flow wp-block-column-is-layout-flow\">\n<p class=\"has-text-align-center has-small-font-size\">STIL 2025<\/p>\n<\/div>\n<\/div>\n<\/div>\n<\/div>\n\n\n\n<div class=\"wp-block-columns is-layout-flex wp-container-core-columns-is-layout-9d6595d7 wp-block-columns-is-layout-flex\">\n<div class=\"wp-block-column is-layout-flow wp-block-column-is-layout-flow\">\n<p class=\"has-text-align-center has-small-font-size\"><a href=\"https:\/\/sol.sbc.org.br\/index.php\/sbbd\/article\/view\/37257\" data-type=\"link\" data-id=\"https:\/\/sol.sbc.org.br\/index.php\/sbbd\/article\/view\/37257\">Advanced Chunking Techniques: a Novel Approach for Semantic Splitters&nbsp;<\/a><\/p>\n\n\n\n<div class=\"wp-block-columns is-layout-flex wp-container-core-columns-is-layout-9d6595d7 wp-block-columns-is-layout-flex\">\n<div class=\"wp-block-column is-layout-flow wp-block-column-is-layout-flow\"><\/div>\n\n\n\n<div class=\"wp-block-column is-layout-flow wp-block-column-is-layout-flow\"><\/div>\n\n\n\n<div class=\"wp-block-column is-layout-flow wp-block-column-is-layout-flow\"><\/div>\n<\/div>\n<\/div>\n\n\n\n<div class=\"wp-block-column is-layout-flow wp-block-column-is-layout-flow\">\n<p class=\"has-text-align-center has-small-font-size\">Bernardo Toresan, Viviane Moreira, Felipe Paula, Luciana Bencke<\/p>\n<\/div>\n\n\n\n<div class=\"wp-block-column is-layout-flow wp-block-column-is-layout-flow\">\n<p class=\"has-text-align-center has-small-font-size\">SBBD 2025<\/p>\n<\/div>\n<\/div>\n\n\n\n<div class=\"wp-block-columns is-layout-flex wp-container-core-columns-is-layout-9d6595d7 wp-block-columns-is-layout-flex\">\n<div class=\"wp-block-column is-layout-flow wp-block-column-is-layout-flow\">\n<p class=\"has-text-align-center has-small-font-size\"><a href=\"https:\/\/sol.sbc.org.br\/index.php\/sbbd\/article\/view\/30724\" data-type=\"link\" data-id=\"https:\/\/sol.sbc.org.br\/index.php\/sbbd\/article\/view\/30724\">Can we trust LLMs as relevance judges?<\/a><\/p>\n\n\n\n<div class=\"wp-block-columns is-layout-flex wp-container-core-columns-is-layout-9d6595d7 wp-block-columns-is-layout-flex\">\n<div class=\"wp-block-column is-layout-flow wp-block-column-is-layout-flow\"><\/div>\n\n\n\n<div class=\"wp-block-column is-layout-flow wp-block-column-is-layout-flow\"><\/div>\n\n\n\n<div class=\"wp-block-column is-layout-flow wp-block-column-is-layout-flow\"><\/div>\n<\/div>\n<\/div>\n\n\n\n<div class=\"wp-block-column is-layout-flow wp-block-column-is-layout-flow\">\n<p class=\"has-text-align-center has-small-font-size\">Luciana Bencke, Felipe Paula,<br>Bruno Tavares, Viviane Moreira<\/p>\n<\/div>\n\n\n\n<div class=\"wp-block-column is-layout-flow wp-block-column-is-layout-flow\">\n<p class=\"has-text-align-center has-small-font-size\">SBBD 2024<\/p>\n<\/div>\n<\/div>\n\n\n\n<div class=\"wp-block-columns is-layout-flex wp-container-core-columns-is-layout-9d6595d7 wp-block-columns-is-layout-flex\">\n<div class=\"wp-block-column is-layout-flow wp-block-column-is-layout-flow\">\n<p class=\"has-text-align-center has-small-font-size\"><a href=\"https:\/\/aclanthology.org\/2024.findings-emnlp.306.pdf\" data-type=\"link\" data-id=\"https:\/\/aclanthology.org\/2024.findings-emnlp.306.pdf\">Evaluation of Question Answer Generation for Portuguese: Insights and Datasets<\/a><\/p>\n\n\n\n<div class=\"wp-block-columns is-layout-flex wp-container-core-columns-is-layout-9d6595d7 wp-block-columns-is-layout-flex\">\n<div class=\"wp-block-column is-layout-flow wp-block-column-is-layout-flow\"><\/div>\n\n\n\n<div class=\"wp-block-column is-layout-flow wp-block-column-is-layout-flow\"><\/div>\n\n\n\n<div class=\"wp-block-column is-layout-flow wp-block-column-is-layout-flow\"><\/div>\n<\/div>\n<\/div>\n\n\n\n<div class=\"wp-block-column is-layout-flow wp-block-column-is-layout-flow\">\n<p class=\"has-text-align-center has-small-font-size\">Felipe Paula, Cassiana Roberta Lizzoni Michelin, Viviane Moreira<\/p>\n<\/div>\n\n\n\n<div class=\"wp-block-column is-layout-flow wp-block-column-is-layout-flow\">\n<p class=\"has-text-align-center has-small-font-size\">EMNLP 2024<\/p>\n<\/div>\n<\/div>\n","protected":false},"excerpt":{"rendered":"<p>Publica\u00e7\u00f5es decorrentes do projeto: Publica\u00e7\u00e3o Autores Ve\u00edculo &#8211; Ano PetroGeoNER: A refined and unified dataset for NER in the Oil &amp; Gas domain Higor Moreira,&nbsp;Patricia Ferreira da Silva,&nbsp;Renata Vieira,&nbsp;Viviane Moreira STIL 2025 Advanced Chunking Techniques: a Novel Approach for Semantic Splitters&nbsp; Bernardo Toresan, Viviane Moreira, Felipe Paula, Luciana Bencke SBBD 2025 Can we trust LLMs &hellip; <a href=\"https:\/\/geologi-qa.inf.ufrgs.br\/index.php\/publicacoes\/\" class=\"more-link\">Continuar lendo <span class=\"screen-reader-text\">Publica\u00e7\u00f5es Geol\u00f3gi-QA<\/span><\/a><\/p>\n","protected":false},"author":2,"featured_media":0,"parent":0,"menu_order":0,"comment_status":"closed","ping_status":"closed","template":"","meta":{"footnotes":""},"class_list":["post-35","page","type-page","status-publish","hentry"],"_links":{"self":[{"href":"https:\/\/geologi-qa.inf.ufrgs.br\/index.php\/wp-json\/wp\/v2\/pages\/35","targetHints":{"allow":["GET"]}}],"collection":[{"href":"https:\/\/geologi-qa.inf.ufrgs.br\/index.php\/wp-json\/wp\/v2\/pages"}],"about":[{"href":"https:\/\/geologi-qa.inf.ufrgs.br\/index.php\/wp-json\/wp\/v2\/types\/page"}],"author":[{"embeddable":true,"href":"https:\/\/geologi-qa.inf.ufrgs.br\/index.php\/wp-json\/wp\/v2\/users\/2"}],"replies":[{"embeddable":true,"href":"https:\/\/geologi-qa.inf.ufrgs.br\/index.php\/wp-json\/wp\/v2\/comments?post=35"}],"version-history":[{"count":10,"href":"https:\/\/geologi-qa.inf.ufrgs.br\/index.php\/wp-json\/wp\/v2\/pages\/35\/revisions"}],"predecessor-version":[{"id":350,"href":"https:\/\/geologi-qa.inf.ufrgs.br\/index.php\/wp-json\/wp\/v2\/pages\/35\/revisions\/350"}],"wp:attachment":[{"href":"https:\/\/geologi-qa.inf.ufrgs.br\/index.php\/wp-json\/wp\/v2\/media?parent=35"}],"curies":[{"name":"wp","href":"https:\/\/api.w.org\/{rel}","templated":true}]}}