{"id":33,"date":"2024-01-18T11:30:31","date_gmt":"2024-01-18T14:30:31","guid":{"rendered":"https:\/\/geologiqa.wordpress.com\/?page_id=33"},"modified":"2024-10-07T13:22:16","modified_gmt":"2024-10-07T16:22:16","slug":"inicio","status":"publish","type":"page","link":"https:\/\/geologi-qa.inf.ufrgs.br\/","title":{"rendered":"In\u00edcio"},"content":{"rendered":"\n<figure class=\"wp-block-image size-large\"><img decoding=\"async\" src=\"https:\/\/geologiqa.wordpress.com\/wp-content\/uploads\/2024\/01\/geologi-qa-high-resolution-logo-1.png?w=1024\" alt=\"\" class=\"wp-image-144\"\/><\/figure>\n\n\n\n<p>O Geologi-QA \u00e9 um projeto de intera\u00e7\u00f5es acad\u00eamicas entre a UFRGS e a Petrobras. O foco do projeto \u00e9 o desenvolvimento de um sistema de perguntas e respostas envolvendo texto e imagem aplicado ao dom\u00ednio de \u00f3leo e g\u00e1s.<\/p>\n\n\n\n<div class=\"wp-block-group alignfull\"><div class=\"wp-block-group__inner-container is-layout-constrained wp-block-group-is-layout-constrained\">\n<div class=\"wp-block-columns alignwide is-layout-flex wp-container-core-columns-is-layout-80494d63 wp-block-columns-is-layout-flex\" style=\"margin-bottom:var(--wp--preset--spacing--70)\">\n<div class=\"wp-block-column is-layout-flow wp-block-column-is-layout-flow\" style=\"flex-basis:50%\"><\/div>\n<\/div>\n<\/div><\/div>\n\n\n\n<p style=\"font-size:16px\">Nossa equipe conta com 20 pesquisadores que desenvolvem pesquisa aplicada nos seguintes temas:<\/p>\n\n\n\n<ul class=\"wp-block-list\">\n<li style=\"font-size:14px\">Recupera\u00e7\u00e3o da Informa\u00e7\u00e3o<\/li>\n\n\n\n<li style=\"font-size:14px\">Sistemas de Perguntas e Respostas (QA)<\/li>\n\n\n\n<li style=\"font-size:14px\">Retrieval-Augmented Generation (RAG)<\/li>\n\n\n\n<li style=\"font-size:14px\">Processamento de Imagens e Vis\u00e3o Computacional<\/li>\n\n\n\n<li style=\"font-size:14px\">Modelos Multimodais<\/li>\n\n\n\n<li style=\"font-size:14px\">User Experience<\/li>\n<\/ul>\n\n\n\n<div class=\"wp-block-group\" style=\"margin-top:var(--wp--preset--spacing--60);margin-bottom:var(--wp--preset--spacing--60)\"><div class=\"wp-block-group__inner-container is-layout-constrained wp-block-group-is-layout-constrained\">\n<p class=\"has-small-font-size\"><\/p>\n<\/div><\/div>\n\n\n\n<div class=\"wp-block-group alignfull\"><div class=\"wp-block-group__inner-container is-layout-constrained wp-block-group-is-layout-constrained\">\n<div class=\"wp-block-columns alignwide is-layout-flex wp-container-core-columns-is-layout-80494d63 wp-block-columns-is-layout-flex\" style=\"margin-bottom:var(--wp--preset--spacing--70)\">\n<div class=\"wp-block-column is-layout-flow wp-block-column-is-layout-flow\" style=\"flex-basis:50%\"><\/div>\n\n\n\n<div class=\"wp-block-column is-vertically-aligned-center is-layout-flow wp-block-column-is-layout-flow\" style=\"padding-right:0;padding-left:var(--wp--preset--spacing--60)\">\n<p><\/p>\n<\/div>\n<\/div>\n<\/div><\/div>\n","protected":false},"excerpt":{"rendered":"<p>O Geologi-QA \u00e9 um projeto de intera\u00e7\u00f5es acad\u00eamicas entre a UFRGS e a Petrobras. O foco do projeto \u00e9 o desenvolvimento de um sistema de perguntas e respostas envolvendo texto e imagem aplicado ao dom\u00ednio de \u00f3leo e g\u00e1s. Nossa equipe conta com 20 pesquisadores que desenvolvem pesquisa aplicada nos seguintes temas:<\/p>\n","protected":false},"author":2,"featured_media":0,"parent":0,"menu_order":0,"comment_status":"closed","ping_status":"closed","template":"","meta":{"footnotes":""},"class_list":["post-33","page","type-page","status-publish","hentry"],"_links":{"self":[{"href":"https:\/\/geologi-qa.inf.ufrgs.br\/index.php\/wp-json\/wp\/v2\/pages\/33","targetHints":{"allow":["GET"]}}],"collection":[{"href":"https:\/\/geologi-qa.inf.ufrgs.br\/index.php\/wp-json\/wp\/v2\/pages"}],"about":[{"href":"https:\/\/geologi-qa.inf.ufrgs.br\/index.php\/wp-json\/wp\/v2\/types\/page"}],"author":[{"embeddable":true,"href":"https:\/\/geologi-qa.inf.ufrgs.br\/index.php\/wp-json\/wp\/v2\/users\/2"}],"replies":[{"embeddable":true,"href":"https:\/\/geologi-qa.inf.ufrgs.br\/index.php\/wp-json\/wp\/v2\/comments?post=33"}],"version-history":[{"count":6,"href":"https:\/\/geologi-qa.inf.ufrgs.br\/index.php\/wp-json\/wp\/v2\/pages\/33\/revisions"}],"predecessor-version":[{"id":298,"href":"https:\/\/geologi-qa.inf.ufrgs.br\/index.php\/wp-json\/wp\/v2\/pages\/33\/revisions\/298"}],"wp:attachment":[{"href":"https:\/\/geologi-qa.inf.ufrgs.br\/index.php\/wp-json\/wp\/v2\/media?parent=33"}],"curies":[{"name":"wp","href":"https:\/\/api.w.org\/{rel}","templated":true}]}}