{"id":260,"date":"2024-10-04T20:41:49","date_gmt":"2024-10-04T23:41:49","guid":{"rendered":"https:\/\/geologi-qa.inf.ufrgs.br\/?page_id=260"},"modified":"2024-10-07T13:12:07","modified_gmt":"2024-10-07T16:12:07","slug":"publicacoes-anteriores","status":"publish","type":"page","link":"https:\/\/geologi-qa.inf.ufrgs.br\/index.php\/publicacoes-anteriores\/","title":{"rendered":"Publica\u00e7\u00f5es Anteriores"},"content":{"rendered":"\n<p>Publica\u00e7\u00f5es decorrentes do projeto GeoDigital que antecedeu o projeto Geol\u00f3gi-QA.<\/p>\n\n\n\n<div class=\"wp-block-columns is-layout-flex wp-container-core-columns-is-layout-9d6595d7 wp-block-columns-is-layout-flex\">\n<div class=\"wp-block-column is-layout-flow wp-block-column-is-layout-flow\">\n<p class=\"has-text-align-center has-medium-font-size\"><strong>Publica\u00e7\u00e3o<\/strong><\/p>\n<\/div>\n\n\n\n<div class=\"wp-block-column is-layout-flow wp-block-column-is-layout-flow\">\n<p class=\"has-text-align-center has-medium-font-size\"><strong>Autores<\/strong><\/p>\n<\/div>\n\n\n\n<div class=\"wp-block-column is-layout-flow wp-block-column-is-layout-flow\">\n<p class=\"has-text-align-center has-medium-font-size\"><strong>Ve\u00edculo<\/strong> &#8211; <strong>Ano<\/strong><\/p>\n<\/div>\n<\/div>\n\n\n\n<div class=\"wp-block-columns is-layout-flex wp-container-core-columns-is-layout-9d6595d7 wp-block-columns-is-layout-flex\">\n<div class=\"wp-block-column is-layout-flow wp-block-column-is-layout-flow\">\n<p class=\"has-text-align-center has-small-font-size\"><a href=\"https:\/\/link.springer.com\/chapter\/10.1007\/978-3-030-33223-5_23\" data-type=\"link\" data-id=\"https:\/\/link.springer.com\/chapter\/10.1007\/978-3-030-33223-5_23\">What Rocks Are Made of: Towards an Ontological Pattern for Material Constitution in the Geological Domain.<\/a><\/p>\n<\/div>\n\n\n\n<div class=\"wp-block-column is-layout-flow wp-block-column-is-layout-flow\">\n<p class=\"has-text-align-center has-small-font-size\">Garcia, Luan Fonseca, Joel Luis Carbonera, Fabricio Henrique Rodrigues, Cau\u00e3 Roca Antunes, and Mara Abel.<\/p>\n<\/div>\n\n\n\n<div class=\"wp-block-column is-layout-flow wp-block-column-is-layout-flow\">\n<p class=\"has-text-align-center has-small-font-size\">Conceptual Modeling ER 2019.<br><\/p>\n<\/div>\n<\/div>\n\n\n\n<div class=\"wp-block-columns is-layout-flex wp-container-core-columns-is-layout-9d6595d7 wp-block-columns-is-layout-flex\">\n<div class=\"wp-block-column is-layout-flow wp-block-column-is-layout-flow\">\n<p class=\"has-text-align-center has-small-font-size\"><a href=\"http:\/\/ceur-ws.org\/Vol-2519\/paper2.pdf\" data-type=\"link\" data-id=\"http:\/\/ceur-ws.org\/Vol-2519\/paper2.pdf\">A Knowledge Organization System for Image Classification and Retrieval in Petroleum Exploration Domain<\/a><\/p>\n<\/div>\n\n\n\n<div class=\"wp-block-column is-layout-flow wp-block-column-is-layout-flow\">\n<p class=\"has-text-align-center has-small-font-size\">Mara Abel, Eduardo SL Gastal, Cassiana Michelin, Luiza Gon\u00e7alves Maggi, Bruno Eduardo Firnkes, Felix Eduardo Huaroto Pachas, and Renata dos Santos.<\/p>\n<\/div>\n\n\n\n<div class=\"wp-block-column is-layout-flow wp-block-column-is-layout-flow\">\n<p class=\"has-text-align-center has-small-font-size\">ONTOBRAS 2019.<\/p>\n<\/div>\n<\/div>\n\n\n\n<div class=\"wp-block-columns is-layout-flex wp-container-core-columns-is-layout-9d6595d7 wp-block-columns-is-layout-flex\">\n<div class=\"wp-block-column is-layout-flow wp-block-column-is-layout-flow\">\n<p class=\"has-text-align-center has-small-font-size\"><a href=\"http:\/\/ceur-ws.org\/Vol-2728\/master7.pdf\" data-type=\"link\" data-id=\"http:\/\/ceur-ws.org\/Vol-2728\/master7.pdf\">Proveni\u00eancia arquiv\u00edstica em um po\u00e7o de petr\u00f3leo: uso de ontologias para representa\u00e7\u00e3o sem\u00e2ntica de documentos.<\/a><\/p>\n<\/div>\n\n\n\n<div class=\"wp-block-column is-layout-flow wp-block-column-is-layout-flow\">\n<p class=\"has-text-align-center has-small-font-size\">Marieta Marks Low, Rafael Port da Rocha.<\/p>\n<\/div>\n\n\n\n<div class=\"wp-block-column is-layout-flow wp-block-column-is-layout-flow\">\n<p class=\"has-text-align-center has-small-font-size\">ONTOBRAS 2019.<\/p>\n<\/div>\n<\/div>\n\n\n\n<div class=\"wp-block-columns is-layout-flex wp-container-core-columns-is-layout-9d6595d7 wp-block-columns-is-layout-flex\">\n<div class=\"wp-block-column is-layout-flow wp-block-column-is-layout-flow\">\n<p class=\"has-text-align-center has-small-font-size\"><a href=\"https:\/\/ieeexplore.ieee.org\/document\/8995302\" data-type=\"link\" data-id=\"https:\/\/ieeexplore.ieee.org\/document\/8995302\">An Efficient Approach for Semantic Relatedness Evaluation Based on Semantic Neighborhood.<\/a><\/p>\n<\/div>\n\n\n\n<div class=\"wp-block-column is-layout-flow wp-block-column-is-layout-flow\">\n<p class=\"has-text-align-center has-small-font-size\">Lopes, Alcides, Renata Alvarenga, Joel Carbonera, and Mara Abel.<\/p>\n<\/div>\n\n\n\n<div class=\"wp-block-column is-layout-flow wp-block-column-is-layout-flow\">\n<p class=\"has-text-align-center has-small-font-size\">ICTAI 2019.<\/p>\n<\/div>\n<\/div>\n\n\n\n<div class=\"wp-block-columns is-layout-flex wp-container-core-columns-is-layout-9d6595d7 wp-block-columns-is-layout-flex\">\n<div class=\"wp-block-column is-layout-flow wp-block-column-is-layout-flow\">\n<p class=\"has-text-align-center has-small-font-size\"><a href=\"https:\/\/doi.org\/10.1016\/j.cageo.2019.104387\" data-type=\"link\" data-id=\"https:\/\/doi.org\/10.1016\/j.cageo.2019.104387\">The GeoCore Ontology: A core ontology for general use in Geology.<\/a><\/p>\n<\/div>\n\n\n\n<div class=\"wp-block-column is-layout-flow wp-block-column-is-layout-flow\">\n<p class=\"has-text-align-center has-small-font-size\">Garcia, Luan Fonseca, Mara Abel, Michel Perrin, and Renata Alvarenga.<\/p>\n<\/div>\n\n\n\n<div class=\"wp-block-column is-layout-flow wp-block-column-is-layout-flow\">\n<p class=\"has-text-align-center has-small-font-size\">Computers &amp; Geosciences 135 2020.<\/p>\n<\/div>\n<\/div>\n\n\n\n<div class=\"wp-block-columns is-layout-flex wp-container-core-columns-is-layout-9d6595d7 wp-block-columns-is-layout-flex\">\n<div class=\"wp-block-column is-layout-flow wp-block-column-is-layout-flow\">\n<p class=\"has-text-align-center has-small-font-size\"><a href=\"http:\/\/ceur-ws.org\/Vol-2728\/paper14.pdf\" data-type=\"link\" data-id=\"http:\/\/ceur-ws.org\/Vol-2728\/paper14.pdf\">What Geologists Talk About: Towards a Frequency-Based Ontological Analysis of Petroleum Domain Terms.<\/a><\/p>\n<\/div>\n\n\n\n<div class=\"wp-block-column is-layout-flow wp-block-column-is-layout-flow\">\n<p class=\"has-text-align-center has-small-font-size\">Garcia, Luan Fonseca, Fabricio Henrique Rodrigues, Alcides Lopes, Renata Alvarenga, and Mara Abel.<\/p>\n<\/div>\n\n\n\n<div class=\"wp-block-column is-layout-flow wp-block-column-is-layout-flow\">\n<p class=\"has-text-align-center has-small-font-size\">ONTOBRAS 2020.<\/p>\n<\/div>\n<\/div>\n\n\n\n<div class=\"wp-block-columns is-layout-flex wp-container-core-columns-is-layout-9d6595d7 wp-block-columns-is-layout-flex\">\n<div class=\"wp-block-column is-layout-flow wp-block-column-is-layout-flow\">\n<p class=\"has-text-align-center has-small-font-size\"><a href=\"https:\/\/link.springer.com\/chapter\/10.1007\/978-3-030-45442-5_13\" data-type=\"link\" data-id=\"https:\/\/link.springer.com\/chapter\/10.1007\/978-3-030-45442-5_13\">Assessing the Impact of OCR Errors in Information Retrieval.<\/a><\/p>\n<\/div>\n\n\n\n<div class=\"wp-block-column is-layout-flow wp-block-column-is-layout-flow\">\n<p class=\"has-text-align-center has-small-font-size\">Bazzo, Guilherme Torresan, Gustavo Acauan Lorentz, Danny Suarez Vargas, and Viviane P. Moreira.<\/p>\n<\/div>\n\n\n\n<div class=\"wp-block-column is-layout-flow wp-block-column-is-layout-flow\">\n<p class=\"has-text-align-center has-small-font-size\">ECIR 2020.<\/p>\n<\/div>\n<\/div>\n\n\n\n<div class=\"wp-block-columns is-layout-flex wp-container-core-columns-is-layout-9d6595d7 wp-block-columns-is-layout-flex\">\n<div class=\"wp-block-column is-layout-flow wp-block-column-is-layout-flow\">\n<p class=\"has-text-align-center has-small-font-size\"><a href=\"https:\/\/aclanthology.org\/2020.lrec-1.568.pdf\" data-type=\"link\" data-id=\"https:\/\/aclanthology.org\/2020.lrec-1.568.pdf\">Embeddings for Named Entity Recognition in Geoscience Portuguese Literature.<\/a><\/p>\n<\/div>\n\n\n\n<div class=\"wp-block-column is-layout-flow wp-block-column-is-layout-flow\">\n<p class=\"has-text-align-center has-small-font-size\">Consoli, B., Santos, J., Gomes, D., Cordeiro, F., Vieira, R. and Moreira, V.<\/p>\n<\/div>\n\n\n\n<div class=\"wp-block-column is-layout-flow wp-block-column-is-layout-flow\">\n<p class=\"has-text-align-center has-small-font-size\">LREC 2020.<\/p>\n<\/div>\n<\/div>\n\n\n\n<div class=\"wp-block-columns is-layout-flex wp-container-core-columns-is-layout-9d6595d7 wp-block-columns-is-layout-flex\">\n<div class=\"wp-block-column is-layout-flow wp-block-column-is-layout-flow\">\n<p class=\"has-text-align-center has-small-font-size\"><a href=\"https:\/\/dl.acm.org\/doi\/10.1145\/3404835.3463256\" data-type=\"link\" data-id=\"https:\/\/dl.acm.org\/doi\/10.1145\/3404835.3463256\">REGIS: A Test Collection for Geoscientific Documents in Portuguese<\/a><\/p>\n<\/div>\n\n\n\n<div class=\"wp-block-column is-layout-flow wp-block-column-is-layout-flow\">\n<p class=\"has-text-align-center has-small-font-size\">Lucas Lima de Oliveira, Regis Kruel Romeu, Viviane Pereira Moreira.<\/p>\n<\/div>\n\n\n\n<div class=\"wp-block-column is-layout-flow wp-block-column-is-layout-flow\">\n<p class=\"has-text-align-center has-small-font-size\">ACM SIGIR 2021.<\/p>\n<\/div>\n<\/div>\n\n\n\n<div class=\"wp-block-columns is-layout-flex wp-container-core-columns-is-layout-9d6595d7 wp-block-columns-is-layout-flex\">\n<div class=\"wp-block-column is-layout-flow wp-block-column-is-layout-flow\">\n<p class=\"has-text-align-center has-small-font-size\"><a href=\"https:\/\/doi.org\/10.1016\/j.compind.2020.103347.\" data-type=\"link\" data-id=\"https:\/\/doi.org\/10.1016\/j.compind.2020.103347.\">Portuguese word embeddings for the Oil and Gas industry: Development and evaluation<\/a><\/p>\n<\/div>\n\n\n\n<div class=\"wp-block-column is-layout-flow wp-block-column-is-layout-flow\">\n<p class=\"has-text-align-center has-small-font-size\">Diogo da Silva Magalh\u00e3es Gomes, F\u00e1bio Corr\u00eaa Cordeiro, Bernardo Scapini Consoli, Nikolas Lacerda Santos, Viviane Pereira Moreira, Renata Vieira, Silvia Moraes, Alexandre Gon\u00e7alves Evsukoff.<\/p>\n<\/div>\n\n\n\n<div class=\"wp-block-column is-layout-flow wp-block-column-is-layout-flow\">\n<p class=\"has-text-align-center has-small-font-size\">Computers in Industry, Volume 124 2021.<\/p>\n<\/div>\n<\/div>\n\n\n\n<div class=\"wp-block-columns is-layout-flex wp-container-core-columns-is-layout-9d6595d7 wp-block-columns-is-layout-flex\">\n<div class=\"wp-block-column is-layout-flow wp-block-column-is-layout-flow\">\n<p class=\"has-text-align-center has-small-font-size\"><a href=\"https:\/\/doi.org\/10.1007\/s00799-023-00345-6\" data-type=\"link\" data-id=\"https:\/\/doi.org\/10.1007\/s00799-023-00345-6\">Evaluating and mitigating the impact of OCR errors on information retrieval.<\/a><\/p>\n<\/div>\n\n\n\n<div class=\"wp-block-column is-layout-flow wp-block-column-is-layout-flow\">\n<p class=\"has-text-align-center has-small-font-size\">de Oliveira, L.L., Vargas, D.S., Alexandre, A.M.A. <em>et al.<\/em><\/p>\n<\/div>\n\n\n\n<div class=\"wp-block-column is-layout-flow wp-block-column-is-layout-flow\">\n<p class=\"has-text-align-center has-small-font-size\">International Journal on Digital Libraries 2023.<\/p>\n<\/div>\n<\/div>\n\n\n\n<p><\/p>\n","protected":false},"excerpt":{"rendered":"<p>Publica\u00e7\u00f5es decorrentes do projeto GeoDigital que antecedeu o projeto Geol\u00f3gi-QA. Publica\u00e7\u00e3o Autores Ve\u00edculo &#8211; Ano What Rocks Are Made of: Towards an Ontological Pattern for Material Constitution in the Geological Domain. Garcia, Luan Fonseca, Joel Luis Carbonera, Fabricio Henrique Rodrigues, Cau\u00e3 Roca Antunes, and Mara Abel. Conceptual Modeling ER 2019. A Knowledge Organization System for &hellip; <a href=\"https:\/\/geologi-qa.inf.ufrgs.br\/index.php\/publicacoes-anteriores\/\" class=\"more-link\">Continuar lendo <span class=\"screen-reader-text\">Publica\u00e7\u00f5es Anteriores<\/span><\/a><\/p>\n","protected":false},"author":2,"featured_media":0,"parent":0,"menu_order":0,"comment_status":"closed","ping_status":"closed","template":"","meta":{"footnotes":""},"class_list":["post-260","page","type-page","status-publish","hentry"],"_links":{"self":[{"href":"https:\/\/geologi-qa.inf.ufrgs.br\/index.php\/wp-json\/wp\/v2\/pages\/260","targetHints":{"allow":["GET"]}}],"collection":[{"href":"https:\/\/geologi-qa.inf.ufrgs.br\/index.php\/wp-json\/wp\/v2\/pages"}],"about":[{"href":"https:\/\/geologi-qa.inf.ufrgs.br\/index.php\/wp-json\/wp\/v2\/types\/page"}],"author":[{"embeddable":true,"href":"https:\/\/geologi-qa.inf.ufrgs.br\/index.php\/wp-json\/wp\/v2\/users\/2"}],"replies":[{"embeddable":true,"href":"https:\/\/geologi-qa.inf.ufrgs.br\/index.php\/wp-json\/wp\/v2\/comments?post=260"}],"version-history":[{"count":11,"href":"https:\/\/geologi-qa.inf.ufrgs.br\/index.php\/wp-json\/wp\/v2\/pages\/260\/revisions"}],"predecessor-version":[{"id":293,"href":"https:\/\/geologi-qa.inf.ufrgs.br\/index.php\/wp-json\/wp\/v2\/pages\/260\/revisions\/293"}],"wp:attachment":[{"href":"https:\/\/geologi-qa.inf.ufrgs.br\/index.php\/wp-json\/wp\/v2\/media?parent=260"}],"curies":[{"name":"wp","href":"https:\/\/api.w.org\/{rel}","templated":true}]}}