{"id":258,"date":"2024-10-04T20:41:25","date_gmt":"2024-10-04T23:41:25","guid":{"rendered":"https:\/\/geologi-qa.inf.ufrgs.br\/?page_id=258"},"modified":"2025-08-05T11:24:41","modified_gmt":"2025-08-05T14:24:41","slug":"recursos","status":"publish","type":"page","link":"https:\/\/geologi-qa.inf.ufrgs.br\/index.php\/recursos\/","title":{"rendered":"Recursos"},"content":{"rendered":"\n<p>Materiais e solu\u00e7\u00f5es oferecidas pelo Geologi-QA:<\/p>\n\n\n\n<p class=\"has-medium-font-size\"><strong>Cole\u00e7\u00e3o REGIS<\/strong><\/p>\n\n\n\n<p>Cole\u00e7\u00e3o em portugu\u00eas para o dom\u00ednio geocient\u00edfico, contendo 20k documentos e 34 queries. Dispon\u00edvel:  <a href=\"https:\/\/github.com\/Petroles\/regis-collection\">https:\/\/github.com\/Petroles\/regis-collection<\/a><\/p>\n\n\n\n<p class=\"has-medium-font-size\"><strong>PetroGeoNER<\/strong><\/p>\n\n\n\n<p>Um conjunto de dados revisado e unificado para Reconhecimento de Entidades Nomeadas (NER) no dom\u00ednio de \u00d3leo e G\u00e1s em portugu\u00eas. Dispon\u00edvel: <a href=\"https:\/\/zenodo.org\/records\/15381527\">https:\/\/zenodo.org\/records\/15381527<\/a><\/p>\n\n\n\n<p class=\"has-medium-font-size\"><strong>Modelo NER &#8211; PetroGeoNER<\/strong><\/p>\n\n\n\n<p>Dispon\u00edvel: <a href=\"https:\/\/zenodo.org\/records\/15658826\">https:\/\/zenodo.org\/records\/15658826<\/a><\/p>\n","protected":false},"excerpt":{"rendered":"<p>Materiais e solu\u00e7\u00f5es oferecidas pelo Geologi-QA: Cole\u00e7\u00e3o REGIS Cole\u00e7\u00e3o em portugu\u00eas para o dom\u00ednio geocient\u00edfico, contendo 20k documentos e 34 queries. Dispon\u00edvel: https:\/\/github.com\/Petroles\/regis-collection PetroGeoNER Um conjunto de dados revisado e unificado para Reconhecimento de Entidades Nomeadas (NER) no dom\u00ednio de \u00d3leo e G\u00e1s em portugu\u00eas. Dispon\u00edvel: https:\/\/zenodo.org\/records\/15381527 Modelo NER &#8211; PetroGeoNER Dispon\u00edvel: https:\/\/zenodo.org\/records\/15658826<\/p>\n","protected":false},"author":2,"featured_media":0,"parent":0,"menu_order":0,"comment_status":"closed","ping_status":"closed","template":"","meta":{"footnotes":""},"class_list":["post-258","page","type-page","status-publish","hentry"],"_links":{"self":[{"href":"https:\/\/geologi-qa.inf.ufrgs.br\/index.php\/wp-json\/wp\/v2\/pages\/258","targetHints":{"allow":["GET"]}}],"collection":[{"href":"https:\/\/geologi-qa.inf.ufrgs.br\/index.php\/wp-json\/wp\/v2\/pages"}],"about":[{"href":"https:\/\/geologi-qa.inf.ufrgs.br\/index.php\/wp-json\/wp\/v2\/types\/page"}],"author":[{"embeddable":true,"href":"https:\/\/geologi-qa.inf.ufrgs.br\/index.php\/wp-json\/wp\/v2\/users\/2"}],"replies":[{"embeddable":true,"href":"https:\/\/geologi-qa.inf.ufrgs.br\/index.php\/wp-json\/wp\/v2\/comments?post=258"}],"version-history":[{"count":4,"href":"https:\/\/geologi-qa.inf.ufrgs.br\/index.php\/wp-json\/wp\/v2\/pages\/258\/revisions"}],"predecessor-version":[{"id":322,"href":"https:\/\/geologi-qa.inf.ufrgs.br\/index.php\/wp-json\/wp\/v2\/pages\/258\/revisions\/322"}],"wp:attachment":[{"href":"https:\/\/geologi-qa.inf.ufrgs.br\/index.php\/wp-json\/wp\/v2\/media?parent=258"}],"curies":[{"name":"wp","href":"https:\/\/api.w.org\/{rel}","templated":true}]}}